{"id":46,"date":"2016-05-04T12:01:11","date_gmt":"2016-05-04T11:01:11","guid":{"rendered":"http:\/\/mytech.es\/?page_id=46"},"modified":"2016-06-15T09:03:17","modified_gmt":"2016-06-15T07:03:17","slug":"aviso-legal","status":"publish","type":"page","link":"http:\/\/mytech.es\/?page_id=46","title":{"rendered":"Aviso legal"},"content":{"rendered":"<p>El titular de esta p\u00e1gina web, www.mytech.es, es Mytech Data Cloud, S.L.\u00a0(en adelante Mytech) con NIF: B87584447 y domicilio social en Paseo de la Habana n\u00ba9, 28036 Madrid.<\/p>\n<p>Tanto el contenido como el dise\u00f1o de esta p\u00e1gina est\u00e1n sujetos a derechos de copyright y otras leyes que regulan la protecci\u00f3n de la propiedad intelectual. La difusi\u00f3n o alteraci\u00f3n del contenido de esta p\u00e1gina no est\u00e1 permitida. Adem\u00e1s, el contenido no se puede copiar, difundir, alterar ni poner a disposici\u00f3n de terceras partes con fines comerciales.<\/p>\n<p>La informaci\u00f3n que se proporciona se actualiza continuamente y no se puede garantizar la ausencia total de errores. Por ello, Mytech declina cualquier tipo de responsabilidad legal y garantiza la veracidad, integridad y validez de la informaci\u00f3n disponible en esta p\u00e1gina. Mytech se reserva el derecho a hacer rectificaciones o ampliaciones de la informaci\u00f3n o los datos disponibles en cualquier momento y sin necesidad de aviso previo.<\/p>\n<p>&nbsp;<\/p>\n<p><strong><span style=\"text-decoration: underline;\">Pol\u00edtica de privacidad<\/span><\/strong><\/p>\n<p>Mytech ha dise\u00f1ado una pol\u00edtica de privacidad para el tratamiento de datos personales y establecido los medios y procedimientos necesarios para llevarla a cabo. De acuerdo con la Ley Org\u00e1nica de Protecci\u00f3n de Datos de Car\u00e1cter Personal (LO 15\/1999 de 13 de diciembre), se entiende por datos personales \u00abcualquier informaci\u00f3n concerniente a personas f\u00edsicas identificadas o identificables\u00bb.<br \/>\nLos \u00fanicos datos personales a los que Mytech tendr\u00e1 acceso ser\u00e1n aqu\u00e9llos que el usuario facilite voluntariamente y, en cumplimiento de la normativa vigente, Mytech ha adoptado las medidas t\u00e9cnicas y organizativas necesarias para mantener el nivel de seguridad requerido en atenci\u00f3n a los datos personales tratados. Asimismo, est\u00e1 dotado de los mecanismos precisos a su alcance para evitar en la medida de lo posible los accesos no autorizados, sustracciones y modificaciones il\u00edcitas y la p\u00e9rdida de los datos.<\/p>\n<p>No obstante, si un usuario publica informaci\u00f3n personal en l\u00ednea que es accesible al p\u00fablico, es posible que reciba mensajes no solicitados de otras personas y que sus datos, por tanto, sean conocidos por terceros. Por todo lo anterior, se recomienda la m\u00e1xima diligencia en esta materia y la utilizaci\u00f3n de todas las herramientas de seguridad que tenga a su alcance, no responsabiliz\u00e1ndose Mytech de sustracciones, modificaciones o p\u00e9rdidas de datos il\u00edcitas.<\/p>\n<p>El usuario tiene reconocidos por la Ley los derechos de acceso, rectificaci\u00f3n, cancelaci\u00f3n y oposici\u00f3n, en su caso, respecto de sus datos personales, pudiendo ejercitar estos derechos mediante carta acompa\u00f1ada de copia del documento de identidad dirigida a Mytech, c\/Paseo de la Habana n\u00ba9, 28036 Madrid. De la misma manera puede revocar en cualquier momento la autorizaci\u00f3n que hubiera concedido para el uso o cesi\u00f3n de sus datos, sin perjuicio del derecho que asiste a Mytech de resolver la operaci\u00f3n de que se trate, cuando dichos datos fueran imprescindibles para el buen fin de los mismos.<\/p>\n<p>Una cookie es un peque\u00f1o fichero inform\u00e1tico que contiene una serie de datos alfanum\u00e9ricos y se almacena en su disco duro. En algunas partes de este sitio web generamos una cookie para ofrecerle una funcionalidad m\u00e1s completa de nuestro sitio.<\/p>\n<p>El usuario queda informado de que sus datos personales, a los que Mytech tenga acceso como consecuencia de sus operaciones, consultas, env\u00edo de informaci\u00f3n y CV, se incorporar\u00e1n a los correspondientes ficheros de Mytech, autorizando a \u00e9ste, de forma expresa, al tratamiento de los que sean necesarios para su utilizaci\u00f3n en relaci\u00f3n con el desenvolvimiento de la operaci\u00f3n o servicio convenido que tendr\u00e1n car\u00e1cter obligatorio.\u00a0Asimismo, autoriza expresamente a Mytech para el uso de sus datos en la oferta y contrataci\u00f3n servicios, as\u00ed como para el desarrollo de acciones comerciales, sean de car\u00e1cter general o adaptadas a sus caracter\u00edsticas personales. Dichas acciones comerciales podr\u00e1n ser realizadas por correo electr\u00f3nico u otro medio de comunicaci\u00f3n.<\/p>\n","protected":false},"excerpt":{"rendered":"<p>El titular de esta p\u00e1gina web, www.mytech.es, es Mytech Data Cloud, S.L.\u00a0(en adelante Mytech) con NIF: B87584447 y domicilio social en Paseo de la Habana n\u00ba9, 28036 Madrid. Tanto el contenido como el dise\u00f1o de esta p\u00e1gina est\u00e1n sujetos a derechos de copyright y otras leyes que regulan la protecci\u00f3n de la propiedad intelectual. La [&hellip;]<\/p>\n","protected":false},"author":1,"featured_media":0,"parent":0,"menu_order":90,"comment_status":"closed","ping_status":"closed","template":"","meta":{"footnotes":""},"class_list":["post-46","page","type-page","status-publish","hentry","post"],"yoast_head":"<!-- This site is optimized with the Yoast SEO plugin v27.4 - https:\/\/yoast.com\/product\/yoast-seo-wordpress\/ -->\n<title>Aviso legal - mytech<\/title>\n<meta name=\"robots\" content=\"index, follow, max-snippet:-1, max-image-preview:large, max-video-preview:-1\" \/>\n<link rel=\"canonical\" href=\"https:\/\/mytech.es\/?page_id=46\" \/>\n<meta property=\"og:locale\" content=\"es_ES\" \/>\n<meta property=\"og:type\" content=\"article\" \/>\n<meta property=\"og:title\" content=\"Aviso legal - mytech\" \/>\n<meta property=\"og:description\" content=\"El titular de esta p\u00e1gina web, www.mytech.es, es Mytech Data Cloud, S.L.\u00a0(en adelante Mytech) con NIF: B87584447 y domicilio social en Paseo de la Habana n\u00ba9, 28036 Madrid. Tanto el contenido como el dise\u00f1o de esta p\u00e1gina est\u00e1n sujetos a derechos de copyright y otras leyes que regulan la protecci\u00f3n de la propiedad intelectual. La [&hellip;]\" \/>\n<meta property=\"og:url\" content=\"https:\/\/mytech.es\/?page_id=46\" \/>\n<meta property=\"og:site_name\" content=\"mytech\" \/>\n<meta property=\"article:modified_time\" content=\"2016-06-15T07:03:17+00:00\" \/>\n<meta name=\"twitter:card\" content=\"summary_large_image\" \/>\n<meta name=\"twitter:label1\" content=\"Tiempo de lectura\" \/>\n\t<meta name=\"twitter:data1\" content=\"3 minutos\" \/>\n<script type=\"application\/ld+json\" class=\"yoast-schema-graph\">{\"@context\":\"https:\\\/\\\/schema.org\",\"@graph\":[{\"@type\":\"WebPage\",\"@id\":\"https:\\\/\\\/mytech.es\\\/?page_id=46\",\"url\":\"https:\\\/\\\/mytech.es\\\/?page_id=46\",\"name\":\"Aviso legal - mytech\",\"isPartOf\":{\"@id\":\"https:\\\/\\\/mytech.es\\\/#website\"},\"datePublished\":\"2016-05-04T11:01:11+00:00\",\"dateModified\":\"2016-06-15T07:03:17+00:00\",\"breadcrumb\":{\"@id\":\"https:\\\/\\\/mytech.es\\\/?page_id=46#breadcrumb\"},\"inLanguage\":\"es\",\"potentialAction\":[{\"@type\":\"ReadAction\",\"target\":[\"https:\\\/\\\/mytech.es\\\/?page_id=46\"]}]},{\"@type\":\"BreadcrumbList\",\"@id\":\"https:\\\/\\\/mytech.es\\\/?page_id=46#breadcrumb\",\"itemListElement\":[{\"@type\":\"ListItem\",\"position\":1,\"name\":\"Portada\",\"item\":\"https:\\\/\\\/mytech.es\\\/\"},{\"@type\":\"ListItem\",\"position\":2,\"name\":\"Aviso legal\"}]},{\"@type\":\"WebSite\",\"@id\":\"https:\\\/\\\/mytech.es\\\/#website\",\"url\":\"https:\\\/\\\/mytech.es\\\/\",\"name\":\"mytech\",\"description\":\"mytech data cloud\",\"potentialAction\":[{\"@type\":\"SearchAction\",\"target\":{\"@type\":\"EntryPoint\",\"urlTemplate\":\"https:\\\/\\\/mytech.es\\\/?s={search_term_string}\"},\"query-input\":{\"@type\":\"PropertyValueSpecification\",\"valueRequired\":true,\"valueName\":\"search_term_string\"}}],\"inLanguage\":\"es\"}]}<\/script>\n<!-- \/ Yoast SEO plugin. -->","yoast_head_json":{"title":"Aviso legal - mytech","robots":{"index":"index","follow":"follow","max-snippet":"max-snippet:-1","max-image-preview":"max-image-preview:large","max-video-preview":"max-video-preview:-1"},"canonical":"https:\/\/mytech.es\/?page_id=46","og_locale":"es_ES","og_type":"article","og_title":"Aviso legal - mytech","og_description":"El titular de esta p\u00e1gina web, www.mytech.es, es Mytech Data Cloud, S.L.\u00a0(en adelante Mytech) con NIF: B87584447 y domicilio social en Paseo de la Habana n\u00ba9, 28036 Madrid. Tanto el contenido como el dise\u00f1o de esta p\u00e1gina est\u00e1n sujetos a derechos de copyright y otras leyes que regulan la protecci\u00f3n de la propiedad intelectual. La [&hellip;]","og_url":"https:\/\/mytech.es\/?page_id=46","og_site_name":"mytech","article_modified_time":"2016-06-15T07:03:17+00:00","twitter_card":"summary_large_image","twitter_misc":{"Tiempo de lectura":"3 minutos"},"schema":{"@context":"https:\/\/schema.org","@graph":[{"@type":"WebPage","@id":"https:\/\/mytech.es\/?page_id=46","url":"https:\/\/mytech.es\/?page_id=46","name":"Aviso legal - mytech","isPartOf":{"@id":"https:\/\/mytech.es\/#website"},"datePublished":"2016-05-04T11:01:11+00:00","dateModified":"2016-06-15T07:03:17+00:00","breadcrumb":{"@id":"https:\/\/mytech.es\/?page_id=46#breadcrumb"},"inLanguage":"es","potentialAction":[{"@type":"ReadAction","target":["https:\/\/mytech.es\/?page_id=46"]}]},{"@type":"BreadcrumbList","@id":"https:\/\/mytech.es\/?page_id=46#breadcrumb","itemListElement":[{"@type":"ListItem","position":1,"name":"Portada","item":"https:\/\/mytech.es\/"},{"@type":"ListItem","position":2,"name":"Aviso legal"}]},{"@type":"WebSite","@id":"https:\/\/mytech.es\/#website","url":"https:\/\/mytech.es\/","name":"mytech","description":"mytech data cloud","potentialAction":[{"@type":"SearchAction","target":{"@type":"EntryPoint","urlTemplate":"https:\/\/mytech.es\/?s={search_term_string}"},"query-input":{"@type":"PropertyValueSpecification","valueRequired":true,"valueName":"search_term_string"}}],"inLanguage":"es"}]}},"_links":{"self":[{"href":"http:\/\/mytech.es\/index.php?rest_route=\/wp\/v2\/pages\/46","targetHints":{"allow":["GET"]}}],"collection":[{"href":"http:\/\/mytech.es\/index.php?rest_route=\/wp\/v2\/pages"}],"about":[{"href":"http:\/\/mytech.es\/index.php?rest_route=\/wp\/v2\/types\/page"}],"author":[{"embeddable":true,"href":"http:\/\/mytech.es\/index.php?rest_route=\/wp\/v2\/users\/1"}],"replies":[{"embeddable":true,"href":"http:\/\/mytech.es\/index.php?rest_route=%2Fwp%2Fv2%2Fcomments&post=46"}],"version-history":[{"count":7,"href":"http:\/\/mytech.es\/index.php?rest_route=\/wp\/v2\/pages\/46\/revisions"}],"predecessor-version":[{"id":164,"href":"http:\/\/mytech.es\/index.php?rest_route=\/wp\/v2\/pages\/46\/revisions\/164"}],"wp:attachment":[{"href":"http:\/\/mytech.es\/index.php?rest_route=%2Fwp%2Fv2%2Fmedia&parent=46"}],"curies":[{"name":"wp","href":"https:\/\/api.w.org\/{rel}","templated":true}]}}